{"id":838,"date":"2025-09-11T09:23:58","date_gmt":"2025-09-11T09:23:58","guid":{"rendered":"https:\/\/wiseflowai.eu\/?page_id=838"},"modified":"2025-12-11T14:02:03","modified_gmt":"2025-12-11T14:02:03","slug":"blog","status":"publish","type":"page","link":"https:\/\/wiseflowai.eu\/es\/blog\/","title":{"rendered":"Blog"},"content":{"rendered":"<section data-row-bg=\"https:\/\/wiseflowai.eu\/wp-content\/uploads\/2025\/09\/pexels-philipp-pistis-164965741-10963243.jpg?id=842\" data-bg-image=\"url\" class=\"vc_row vc_custom_1757584445857 liquid-row-shadowbox-69d01f2dd9f10 vc_row-has-fill vc_row-has-bg lqd-has-bg-markup row-bg-appended\"><span class=\"row-bg-loader\"><\/span><div class=\"row-bg-wrap\">\n\t\t<div class=\"row-bg-inner\">\n\t\t\t<figure class=\"row-bg\" ><\/figure>\n\t\t<\/div>\n\t<\/div><div class=\"liquid-row-overlay\" style=\"background:rgba(0, 0, 0, 0.52)\"><\/div><div class=\"ld-container container\"><div class=\"row ld-row ld-row-outer vc_row-o-content-middle vc_row-flex\"><div class=\"wpb_column vc_column_container vc_col-sm-12 vc_col-md-8 text-left liquid-column-69d01f2dda3ba\"><div class=\"vc_column-inner\" ><div class=\"wpb_wrapper\"  data-custom-animations=\"true\" data-ca-options='{\"triggerHandler\":\"inview\",\"animationTarget\":\"all-childs\",\"duration\":\"1600\",\"delay\":\"160\",\"ease\":\"power4.out\",\"direction\":\"forward\",\"initValues\":{\"y\":70,\"transformOriginX\":50,\"transformOriginY\":50,\"transformOriginZ\":\"0px\",\"opacity\":0},\"animations\":{\"y\":0,\"transformOriginX\":50,\"transformOriginY\":50,\"transformOriginZ\":\"0px\",\"opacity\":1}}'><style>.ld_fancy_heading_69d01f2dda576 h1{color:rgb(255, 255, 255);}.ld_fancy_heading_69d01f2dda576 h1 {margin-bottom:1.3em !important;  } .ld_fancy_heading_69d01f2dda576 .lqd-highlight-inner{height:0.275em!important;bottom:0px!important;}.ld_fancy_heading_69d01f2dda576 h1 {margin-bottom:1.3em !important;  } <\/style><div class=\"ld-fancy-heading mask-text ld_fancy_heading_69d01f2dda576\">\n\t<h1 class=\"ld-fh-element lqd-highlight-underline lqd-highlight-grow-left text-decoration-default lqd-split-lines\"   data-split-text=\"true\" data-split-options='{\"type\":\"lines\"}'>  Blog<\/h1><\/div><style>.ld_fancy_heading_69d01f2dda97f p{color:rgb(255, 255, 255);}.ld_fancy_heading_69d01f2dda97f p {font-size:18px; } @media (min-width: 992px) { .ld_fancy_heading_69d01f2dda97f p {padding-right:30% !important;  }  } .ld_fancy_heading_69d01f2dda97f .lqd-highlight-inner{height:0.275em!important;bottom:0px!important;}.ld_fancy_heading_69d01f2dda97f p {font-size:18px; } @media (min-width: 992px) { .ld_fancy_heading_69d01f2dda97f p {padding-right:30% !important;  }  } <\/style><div class=\"ld-fancy-heading mask-text ld_fancy_heading_69d01f2dda97f\">\n\t<p class=\"ld-fh-element lqd-highlight-underline lqd-highlight-grow-left text-decoration-default lqd-split-lines\"   data-split-text=\"true\" data-split-options='{\"type\":\"lines\"}'>  Hemos estado escribiendo para ti \u2014 aqu\u00ed est\u00e1 lo nuevo en el blog. Aprende, insp\u00edrate y mantente a la vanguardia con nuestras publicaciones m\u00e1s recientes.<\/p><\/div><\/div><\/div><\/div><\/div><\/div><\/section><section class=\"vc_row vc_custom_1699557570137 liquid-row-shadowbox-69d01f2ddac99\"><div class=\"ld-container container\"><div class=\"row ld-row ld-row-outer\"><div class=\"wpb_column vc_column_container vc_col-sm-9 liquid-column-69d01f2ddae59\"><div class=\"vc_column-inner\" ><div class=\"wpb_wrapper\"  ><style>.ld_blog_69d01f2ddaf72 .lqd-lp-row{margin-inline-start:-15px;margin-inline-end:-15px;}.ld_blog_69d01f2ddaf72 .lqd-lp-column{padding-inline-start:15px;padding-inline-end:15px;margin-bottom:30px;}.ld_blog_69d01f2ddaf72 .lqd-lp .lqd-lp-title{font-size:18px;font-weight:500!important;margin-top:px !important;margin-bottom:px !important;}.ld_blog_69d01f2ddaf72 .lqd-lp:hover .lqd-lp-title a{color:#f36a27;}<\/style><div class=\"lqd-lp-grid ld_blog_69d01f2ddaf72 lqd-1615193104816-fe8a587c-ea42\">\n<div class=\"row\">\n\t<div class=\"col-md-12\">\t\t\t\t\t\n\t\t<div class=\"liquid-filter-items align-items-center\">\t\n\t\t\t<div class=\"liquid-filter-items\">\n\t\t\t\t\n\t\t\t\t\n\t\t\t\t<ul class=\"filter-list filter-list-inline  size-sm filter-list-decorated filters-underline text-uppercase ltr-sp-1 font-weight-normal d-flex align-items-center hidden-xs hidden-sm\" id=\"filtrs\">\n\t\t\t\t\t<li class=\"active\" data-filter=\"*\"><span>Todos los art\u00edculos<\/span><\/li>\n\t\t\t\t\t<li data-filter=\".case-studies\"><span>Casos de estudio<\/span><\/li><li data-filter=\".how-to-start-with-ai\"><span>C\u00f3mo empezar con la IA<\/span><\/li><li data-filter=\".human-in-ai-world\"><span>El humano en el mundo de la IA<\/span><\/li><li data-filter=\".myth-busting\"><span>Desmontando mitos<\/span><\/li><li data-filter=\".solution-ideas\"><span>Ideas de soluciones<\/span><\/li>\t\t\t\t<\/ul>\n\n\t\t\t\t<div class=\"lqd-filter-dropdown visible-xs visible-sm\" data-form-options='{ \"dropdownAppendTo\": \"self\" }'>\n\t\t\t\t\t<select name=\"lqd-filter-dropdown-filtrs\" id=\"lqd-filter-dropdown-filtrs\">\n\t\t\t\t\t\t<option selected data-filter=\"*\" value=\"*\">Todos los art\u00edculos<\/option>\n\t\t\t\t\t\t<option data-filter=\".case-studies\" value=\".case-studies\">Casos de estudio<\/option><option data-filter=\".how-to-start-with-ai\" value=\".how-to-start-with-ai\">C\u00f3mo empezar con la IA<\/option><option data-filter=\".human-in-ai-world\" value=\".human-in-ai-world\">El humano en el mundo de la IA<\/option><option data-filter=\".myth-busting\" value=\".myth-busting\">Desmontando mitos<\/option><option data-filter=\".solution-ideas\" value=\".solution-ideas\">Ideas de soluciones<\/option>\t\t\t\t\t<\/select>\n\t\t\t\t<\/div>\n\t\t\t\t\t\n\t\t\t\t\t\t\t\t\t\n\t\t\t\t\t\n\t\t\t<\/div>\n\t\t<\/div>\n\t<\/div>\n<\/div><div class=\"lqd-lp-row row d-flex flex-wrap\" data-liquid-masonry=\"true\" data-masonry-options='{ \"filtersID\": \"#filtrs\",\"itemSelector\": \".lqd-lp-column\" }'><div class=\"lqd-lp-column col-md-3 col-sm-6 how-to-start-with-ai\"><article id=\"post-1093\" class=\"lqd-lp lqd-lp-style-3 pos-rel post-1093 post type-post status-publish format-standard has-post-thumbnail hentry category-how-to-start-with-ai tag-ai-strategy tag-productivity tag-prompt tag-roi\"><div class=\"lqd-lp-img mb-5\"><figure class=\"pos-rel overflow-hidden border-radius-5\"><img decoding=\"async\" width=\"500\" height=\"450\" src=\"https:\/\/wiseflowai.eu\/wp-content\/uploads\/2025\/12\/8-500x450.png\" class=\"w-100 wp-post-image\" alt=\"\" srcset=\"https:\/\/wiseflowai.eu\/wp-content\/uploads\/2025\/12\/8-500x450.png 500w, https:\/\/wiseflowai.eu\/wp-content\/uploads\/2025\/12\/8-12x12.png 12w\" sizes=\"(max-width: 500px) 100vw, 500px\" itemprop=\"image\" \/><div class=\"lqd-overlay align-items-center justify-content-center\">\n\t\t\t<div class=\"lqd-overlay lqd-overlay-bg\"><\/div><!-- \/.lqd-overlay lqd-overlay-bg -->\n\t\t\t<i class=\"lqd-icn-ess icon-md-arrow-forward\"><\/i>\n\t\t<\/div><!-- \/.lqd-overlay align-items-center justify-content-center --><\/figure><\/div><header class=\"lqd-lp-header\">\n\t<div class=\"lqd-lp-meta lqd-lp-meta-dot-between d-flex flex-wrap align-items-center font-weight-bold text-uppercase ltr-sp-1\">\n\t\t<div><span class=\"screen-reader-text\">Tags <\/span><ul class=\"lqd-lp-cat reset-ul inline-ul pos-rel z-index-3\"><li><a class=\"lh-15 circle\" href=\"https:\/\/wiseflowai.eu\/es\/blog\/tag\/ai-strategy\/\" rel=\"tag\">ESTRATEGIA DE IA<\/a><\/li><\/ul><\/div>\t\t<time class=\"lqd-lp-date pos-rel z-index-2\" datetime=\"2025-12-04T17:35:34+00:00\">4 meses ago<\/time>\t<\/div>\n\t<h2 class=\"entry-title lqd-lp-title h5 mt-3 mb-0\"><a  href=\"https:\/\/wiseflowai.eu\/es\/blog\/3-prompts-imprescindibles-empresario-valor-ia\/\" rel=\"bookmark\">3 Prompt Indispensabili per Ogni Imprenditore per Ottenere Valore Immediato dall'AI Oggi<\/a><\/h2><\/header>\n<a  href=\"https:\/\/wiseflowai.eu\/es\/blog\/3-prompts-imprescindibles-empresario-valor-ia\/\" class=\"lqd-lp-overlay-link lqd-overlay z-index-2\" tab-index=\"-1\"><\/a>\n<\/article><\/div><div class=\"lqd-lp-column col-md-3 col-sm-6 human-in-ai-world\"><article id=\"post-1088\" class=\"lqd-lp lqd-lp-style-3 pos-rel post-1088 post type-post status-publish format-standard has-post-thumbnail hentry category-human-in-ai-world tag-ai-strategy tag-roi tag-smb\"><div class=\"lqd-lp-img mb-5\"><figure class=\"pos-rel overflow-hidden border-radius-5\"><img decoding=\"async\" width=\"500\" height=\"450\" src=\"data:image\/svg+xml;charset=utf-8,%3Csvg xmlns%3D&#039;http%3A%2F%2Fwww.w3.org%2F2000%2Fsvg&#039; viewBox%3D&#039;0 0 500 450&#039;%2F%3E\" class=\"w-100 ld-lazyload wp-post-image\" alt=\"\" itemprop=\"image\" data-src=\"https:\/\/wiseflowai.eu\/wp-content\/uploads\/2025\/12\/37-500x450.png\" data-srcset=\"https:\/\/wiseflowai.eu\/wp-content\/uploads\/2025\/12\/37-500x450.png 500w, https:\/\/wiseflowai.eu\/wp-content\/uploads\/2025\/12\/37-12x12.png 12w\" data-sizes=\"(max-width: 500px) 100vw, 500px\" data-aspect=\"1.1111111111111\" \/><div class=\"lqd-overlay align-items-center justify-content-center\">\n\t\t\t<div class=\"lqd-overlay lqd-overlay-bg\"><\/div><!-- \/.lqd-overlay lqd-overlay-bg -->\n\t\t\t<i class=\"lqd-icn-ess icon-md-arrow-forward\"><\/i>\n\t\t<\/div><!-- \/.lqd-overlay align-items-center justify-content-center --><\/figure><\/div><header class=\"lqd-lp-header\">\n\t<div class=\"lqd-lp-meta lqd-lp-meta-dot-between d-flex flex-wrap align-items-center font-weight-bold text-uppercase ltr-sp-1\">\n\t\t<div><span class=\"screen-reader-text\">Tags <\/span><ul class=\"lqd-lp-cat reset-ul inline-ul pos-rel z-index-3\"><li><a class=\"lh-15 circle\" href=\"https:\/\/wiseflowai.eu\/es\/blog\/tag\/ai-strategy\/\" rel=\"tag\">ESTRATEGIA DE IA<\/a><\/li><\/ul><\/div>\t\t<time class=\"lqd-lp-date pos-rel z-index-2\" datetime=\"2025-12-04T17:26:54+00:00\">4 meses ago<\/time>\t<\/div>\n\t<h2 class=\"entry-title lqd-lp-title h5 mt-3 mb-0\"><a  href=\"https:\/\/wiseflowai.eu\/es\/blog\/ia-roles-alto-valor-centrados-en-personas\/\" rel=\"bookmark\">Come l'AI Crea Ruoli ad Alto Valore e Centrati sull'Umano nella Tua Azienda<\/a><\/h2><\/header>\n<a  href=\"https:\/\/wiseflowai.eu\/es\/blog\/ia-roles-alto-valor-centrados-en-personas\/\" class=\"lqd-lp-overlay-link lqd-overlay z-index-2\" tab-index=\"-1\"><\/a>\n<\/article><\/div><div class=\"lqd-lp-column col-md-3 col-sm-6 how-to-start-with-ai\"><article id=\"post-1083\" class=\"lqd-lp lqd-lp-style-3 pos-rel post-1083 post type-post status-publish format-standard has-post-thumbnail hentry category-how-to-start-with-ai tag-aiupskill tag-datasecurity tag-it tag-smb\"><div class=\"lqd-lp-img mb-5\"><figure class=\"pos-rel overflow-hidden border-radius-5\"><img decoding=\"async\" width=\"500\" height=\"450\" src=\"data:image\/svg+xml;charset=utf-8,%3Csvg xmlns%3D&#039;http%3A%2F%2Fwww.w3.org%2F2000%2Fsvg&#039; viewBox%3D&#039;0 0 500 450&#039;%2F%3E\" class=\"w-100 ld-lazyload wp-post-image\" alt=\"\" itemprop=\"image\" data-src=\"https:\/\/wiseflowai.eu\/wp-content\/uploads\/2025\/12\/4-500x450.png\" data-srcset=\"https:\/\/wiseflowai.eu\/wp-content\/uploads\/2025\/12\/4-500x450.png 500w, https:\/\/wiseflowai.eu\/wp-content\/uploads\/2025\/12\/4-12x12.png 12w\" data-sizes=\"(max-width: 500px) 100vw, 500px\" data-aspect=\"1.1111111111111\" \/><div class=\"lqd-overlay align-items-center justify-content-center\">\n\t\t\t<div class=\"lqd-overlay lqd-overlay-bg\"><\/div><!-- \/.lqd-overlay lqd-overlay-bg -->\n\t\t\t<i class=\"lqd-icn-ess icon-md-arrow-forward\"><\/i>\n\t\t<\/div><!-- \/.lqd-overlay align-items-center justify-content-center --><\/figure><\/div><header class=\"lqd-lp-header\">\n\t<div class=\"lqd-lp-meta lqd-lp-meta-dot-between d-flex flex-wrap align-items-center font-weight-bold text-uppercase ltr-sp-1\">\n\t\t<div><span class=\"screen-reader-text\">Tags <\/span><ul class=\"lqd-lp-cat reset-ul inline-ul pos-rel z-index-3\"><li><a class=\"lh-15 circle\" href=\"https:\/\/wiseflowai.eu\/es\/blog\/tag\/aiupskill\/\" rel=\"tag\">CAPACITACI\u00d3N EN IA<\/a><\/li><\/ul><\/div>\t\t<time class=\"lqd-lp-date pos-rel z-index-2\" datetime=\"2025-12-04T16:58:25+00:00\">4 meses ago<\/time>\t<\/div>\n\t<h2 class=\"entry-title lqd-lp-title h5 mt-3 mb-0\"><a  href=\"https:\/\/wiseflowai.eu\/es\/blog\/la-primera-hoja-de-ruta-de-ia-para-pymes\/\" rel=\"bookmark\">La Primera Hoja de Ruta de IA para PYMES: 3 Pasos Innegociables Antes de Automatizar Cualquier Cosa<\/a><\/h2><\/header>\n<a  href=\"https:\/\/wiseflowai.eu\/es\/blog\/la-primera-hoja-de-ruta-de-ia-para-pymes\/\" class=\"lqd-lp-overlay-link lqd-overlay z-index-2\" tab-index=\"-1\"><\/a>\n<\/article><\/div><div class=\"lqd-lp-column col-md-3 col-sm-6 case-studies\"><article id=\"post-852\" class=\"lqd-lp lqd-lp-style-3 pos-rel post-852 post type-post status-publish format-standard has-post-thumbnail hentry category-case-studies tag-it tag-roi tag-smb\"><div class=\"lqd-lp-img mb-5\"><figure class=\"pos-rel overflow-hidden border-radius-5\"><img decoding=\"async\" width=\"500\" height=\"450\" src=\"data:image\/svg+xml;charset=utf-8,%3Csvg xmlns%3D&#039;http%3A%2F%2Fwww.w3.org%2F2000%2Fsvg&#039; viewBox%3D&#039;0 0 500 450&#039;%2F%3E\" class=\"w-100 ld-lazyload wp-post-image\" alt=\"\" itemprop=\"image\" data-src=\"https:\/\/wiseflowai.eu\/wp-content\/uploads\/2025\/12\/42-500x450.png\" data-srcset=\"https:\/\/wiseflowai.eu\/wp-content\/uploads\/2025\/12\/42-500x450.png 500w, https:\/\/wiseflowai.eu\/wp-content\/uploads\/2025\/12\/42-12x12.png 12w\" data-sizes=\"(max-width: 500px) 100vw, 500px\" data-aspect=\"1.1111111111111\" \/><div class=\"lqd-overlay align-items-center justify-content-center\">\n\t\t\t<div class=\"lqd-overlay lqd-overlay-bg\"><\/div><!-- \/.lqd-overlay lqd-overlay-bg -->\n\t\t\t<i class=\"lqd-icn-ess icon-md-arrow-forward\"><\/i>\n\t\t<\/div><!-- \/.lqd-overlay align-items-center justify-content-center --><\/figure><\/div><header class=\"lqd-lp-header\">\n\t<div class=\"lqd-lp-meta lqd-lp-meta-dot-between d-flex flex-wrap align-items-center font-weight-bold text-uppercase ltr-sp-1\">\n\t\t<div><span class=\"screen-reader-text\">Tags <\/span><ul class=\"lqd-lp-cat reset-ul inline-ul pos-rel z-index-3\"><li><a class=\"lh-15 circle\" href=\"https:\/\/wiseflowai.eu\/es\/blog\/tag\/it\/\" rel=\"tag\">TI<\/a><\/li><\/ul><\/div>\t\t<time class=\"lqd-lp-date pos-rel z-index-2\" datetime=\"2025-12-02T09:44:38+00:00\">4 meses ago<\/time>\t<\/div>\n\t<h2 class=\"entry-title lqd-lp-title h5 mt-3 mb-0\"><a  href=\"https:\/\/wiseflowai.eu\/es\/blog\/el-verdadero-costo-de-la-ia-hecha-por-ti-mismo\/\" rel=\"bookmark\">El Verdadero Costo de la IA H\u00e1galo Usted Mismo: 5 Formas en Que un Consultor Estrat\u00e9gico Le Ahorra Dinero<\/a><\/h2><\/header>\n<a  href=\"https:\/\/wiseflowai.eu\/es\/blog\/el-verdadero-costo-de-la-ia-hecha-por-ti-mismo\/\" class=\"lqd-lp-overlay-link lqd-overlay z-index-2\" tab-index=\"-1\"><\/a>\n<\/article><\/div><\/div><!--\/ .row --><\/div><!--\/ .lqd-lp-grid --><\/div><\/div><\/div><div class=\"wpb_column vc_column_container vc_col-sm-3 liquid-column-69d01f2f71f68 lqd-column-top-ontablet lqd-column-top-onmobile\"><div class=\"vc_column-inner\" ><div class=\"wpb_wrapper\"  ><div  class=\"wpb_widgetised_column wpb_content_element\">\n\t\t<div class=\"wpb_wrapper\">\n\t\t\t\n\t\t\t<div id=\"search-2\" class=\"widget widget_search\"><form role=\"search\" method=\"get\" class=\"search-form\" action=\"https:\/\/wiseflowai.eu\/es\/\" data-trp-original-action=\"https:\/\/wiseflowai.eu\/es\/\">\n\t\t\t\t<label>\n\t\t\t\t\t<span class=\"screen-reader-text\">Buscar:<\/span>\n\t\t\t\t\t<input type=\"search\" class=\"search-field\" placeholder=\"Buscar &hellip;\" value=\"\" name=\"s\" \/>\n\t\t\t\t<\/label>\n\t\t\t\t<input type=\"submit\" class=\"search-submit\" value=\"Buscar\" \/>\n\t\t\t<input type=\"hidden\" name=\"trp-form-language\" value=\"es\"\/><\/form><\/div><div id=\"categories-2\" class=\"widget widget_categories\"><h3 class=\"widget-title\">Categor\u00edas<\/h3><form action=\"https:\/\/wiseflowai.eu\/es\/\" method=\"get\" data-trp-original-action=\"https:\/\/wiseflowai.eu\/es\"><label class=\"screen-reader-text\" for=\"cat\">Categor\u00edas<\/label><select  name='cat' id='cat' class='postform'>\n\t<option value='-1'>Elegir la categor\u00eda<\/option>\n\t<option class=\"level-0\" value=\"61\">Casos de estudio<\/option>\n\t<option class=\"level-0\" value=\"8\">C\u00f3mo empezar con la IA<\/option>\n\t<option class=\"level-0\" value=\"66\">El humano en el mundo de la IA<\/option>\n<\/select>\n<input type=\"hidden\" name=\"trp-form-language\" value=\"es\"\/><\/form><script type=\"text\/javascript\">\n\/* <![CDATA[ *\/\n\n( ( dropdownId ) => {\n\tconst dropdown = document.getElementById( dropdownId );\n\tfunction onSelectChange() {\n\t\tsetTimeout( () => {\n\t\t\tif ( 'escape' === dropdown.dataset.lastkey ) {\n\t\t\t\treturn;\n\t\t\t}\n\t\t\tif ( dropdown.value && parseInt( dropdown.value ) > 0 && dropdown instanceof HTMLSelectElement ) {\n\t\t\t\tdropdown.parentElement.submit();\n\t\t\t}\n\t\t}, 250 );\n\t}\n\tfunction onKeyUp( event ) {\n\t\tif ( 'Escape' === event.key ) {\n\t\t\tdropdown.dataset.lastkey = 'escape';\n\t\t} else {\n\t\t\tdelete dropdown.dataset.lastkey;\n\t\t}\n\t}\n\tfunction onClick() {\n\t\tdelete dropdown.dataset.lastkey;\n\t}\n\tdropdown.addEventListener( 'keyup', onKeyUp );\n\tdropdown.addEventListener( 'click', onClick );\n\tdropdown.addEventListener( 'change', onSelectChange );\n})( \"cat\" );\n\n\/\/# sourceURL=WP_Widget_Categories%3A%3Awidget\n\/* ]]> *\/\n<\/script>\n<\/div><div id=\"tag_cloud-2\" class=\"widget widget_tag_cloud\"><h3 class=\"widget-title\">Seleccionar criterios<\/h3><div class=\"tagcloud\"><a href=\"https:\/\/wiseflowai.eu\/es\/blog\/tag\/ai-strategy\/\" class=\"tag-cloud-link tag-link-65 tag-link-position-1\" style=\"font-size: 16.4pt;\" aria-label=\"AI STRATEGY (2 elementos)\">ESTRATEGIA DE IA<\/a>\n<a href=\"https:\/\/wiseflowai.eu\/es\/blog\/tag\/aiupskill\/\" class=\"tag-cloud-link tag-link-59 tag-link-position-2\" style=\"font-size: 8pt;\" aria-label=\"AI UP SKILL (1 elemento)\">CAPACITACI\u00d3N EN IA<\/a>\n<a href=\"https:\/\/wiseflowai.eu\/es\/blog\/tag\/datasecurity\/\" class=\"tag-cloud-link tag-link-63 tag-link-position-3\" style=\"font-size: 8pt;\" aria-label=\"DATA SECURITY (1 elemento)\">SEGURIDAD DE DATOS<\/a>\n<a href=\"https:\/\/wiseflowai.eu\/es\/blog\/tag\/it\/\" class=\"tag-cloud-link tag-link-50 tag-link-position-4\" style=\"font-size: 16.4pt;\" aria-label=\"IT (2 elementos)\">TI<\/a>\n<a href=\"https:\/\/wiseflowai.eu\/es\/blog\/tag\/productivity\/\" class=\"tag-cloud-link tag-link-58 tag-link-position-5\" style=\"font-size: 8pt;\" aria-label=\"PRODUCTIVITY (1 elemento)\">PRODUCTIVIDAD<\/a>\n<a href=\"https:\/\/wiseflowai.eu\/es\/blog\/tag\/prompt\/\" class=\"tag-cloud-link tag-link-60 tag-link-position-6\" style=\"font-size: 8pt;\" aria-label=\"PROMPT (1 elemento)\">PROMPT<\/a>\n<a href=\"https:\/\/wiseflowai.eu\/es\/blog\/tag\/roi\/\" class=\"tag-cloud-link tag-link-64 tag-link-position-7\" style=\"font-size: 22pt;\" aria-label=\"ROI (3 elementos)\">ROI<\/a>\n<a href=\"https:\/\/wiseflowai.eu\/es\/blog\/tag\/smb\/\" class=\"tag-cloud-link tag-link-62 tag-link-position-8\" style=\"font-size: 22pt;\" aria-label=\"SMB (3 elementos)\">PYME<\/a><\/div>\n<\/div>\n\t\t<\/div>\n\t<\/div>\n<\/div><\/div><\/div><\/div><\/div><\/section>","protected":false},"excerpt":{"rendered":"Every week, another small business owner invests time and budget into an AI tool that promises to revolutionize operations. Three months later, that same tool sits unused, poorly integrated, or worse - creating more work than it eliminates. The pattern is predictable: excitement, implementation chaos, frustration, abandonment. The hidden expense isn't just the software subscription. [...]","protected":false},"author":1,"featured_media":0,"parent":0,"menu_order":0,"comment_status":"closed","ping_status":"closed","template":"","meta":{"footnotes":""},"class_list":["post-838","page","type-page","status-publish","hentry"],"yoast_head":"<!-- This site is optimized with the Yoast SEO plugin v26.6 - https:\/\/yoast.com\/wordpress\/plugins\/seo\/ -->\n<title>Blog - WiseflowAI<\/title>\n<meta name=\"robots\" content=\"index, follow, max-snippet:-1, max-image-preview:large, max-video-preview:-1\" \/>\n<link rel=\"canonical\" href=\"https:\/\/wiseflowai.eu\/es\/blog\/\" \/>\n<meta property=\"og:locale\" content=\"es_ES\" \/>\n<meta property=\"og:type\" content=\"article\" \/>\n<meta property=\"og:title\" content=\"Blog - WiseflowAI\" \/>\n<meta property=\"og:url\" content=\"https:\/\/wiseflowai.eu\/es\/blog\/\" \/>\n<meta property=\"og:site_name\" content=\"WiseflowAI\" \/>\n<meta property=\"article:modified_time\" content=\"2025-12-11T14:02:03+00:00\" \/>\n<meta name=\"twitter:card\" content=\"summary_large_image\" \/>\n<meta name=\"twitter:label1\" content=\"Tiempo de lectura\" \/>\n\t<meta name=\"twitter:data1\" content=\"1 minuto\" \/>\n<script type=\"application\/ld+json\" class=\"yoast-schema-graph\">{\"@context\":\"https:\/\/schema.org\",\"@graph\":[{\"@type\":\"WebPage\",\"@id\":\"https:\/\/wiseflowai.eu\/blog\/\",\"url\":\"https:\/\/wiseflowai.eu\/blog\/\",\"name\":\"Blog - WiseflowAI\",\"isPartOf\":{\"@id\":\"https:\/\/wiseflowai.eu\/it\/#website\"},\"datePublished\":\"2025-09-11T09:23:58+00:00\",\"dateModified\":\"2025-12-11T14:02:03+00:00\",\"breadcrumb\":{\"@id\":\"https:\/\/wiseflowai.eu\/blog\/#breadcrumb\"},\"inLanguage\":\"es\",\"potentialAction\":[{\"@type\":\"ReadAction\",\"target\":[\"https:\/\/wiseflowai.eu\/blog\/\"]}]},{\"@type\":\"BreadcrumbList\",\"@id\":\"https:\/\/wiseflowai.eu\/blog\/#breadcrumb\",\"itemListElement\":[{\"@type\":\"ListItem\",\"position\":1,\"name\":\"Home\",\"item\":\"https:\/\/wiseflowai.eu\/\"},{\"@type\":\"ListItem\",\"position\":2,\"name\":\"Blog\"}]},{\"@type\":\"WebSite\",\"@id\":\"https:\/\/wiseflowai.eu\/it\/#website\",\"url\":\"https:\/\/wiseflowai.eu\/it\/\",\"name\":\"WiseflowAI\",\"description\":\"Wise automation for a human pace\",\"publisher\":{\"@id\":\"https:\/\/wiseflowai.eu\/it\/#organization\"},\"potentialAction\":[{\"@type\":\"SearchAction\",\"target\":{\"@type\":\"EntryPoint\",\"urlTemplate\":\"https:\/\/wiseflowai.eu\/it\/?s={search_term_string}\"},\"query-input\":{\"@type\":\"PropertyValueSpecification\",\"valueRequired\":true,\"valueName\":\"search_term_string\"}}],\"inLanguage\":\"es\"},{\"@type\":\"Organization\",\"@id\":\"https:\/\/wiseflowai.eu\/it\/#organization\",\"name\":\"WiseflowAI\",\"url\":\"https:\/\/wiseflowai.eu\/it\/\",\"logo\":{\"@type\":\"ImageObject\",\"inLanguage\":\"es\",\"@id\":\"https:\/\/wiseflowai.eu\/it\/#\/schema\/logo\/image\/\",\"url\":\"https:\/\/wiseflowai.eu\/wp-content\/uploads\/2025\/09\/favicon.png\",\"contentUrl\":\"https:\/\/wiseflowai.eu\/wp-content\/uploads\/2025\/09\/favicon.png\",\"width\":512,\"height\":512,\"caption\":\"WiseflowAI\"},\"image\":{\"@id\":\"https:\/\/wiseflowai.eu\/it\/#\/schema\/logo\/image\/\"}}]}<\/script>\n<!-- \/ Yoast SEO plugin. -->","yoast_head_json":{"title":"Blog - WiseflowAI","robots":{"index":"index","follow":"follow","max-snippet":"max-snippet:-1","max-image-preview":"max-image-preview:large","max-video-preview":"max-video-preview:-1"},"canonical":"https:\/\/wiseflowai.eu\/es\/blog\/","og_locale":"es_ES","og_type":"article","og_title":"Blog - WiseflowAI","og_url":"https:\/\/wiseflowai.eu\/es\/blog\/","og_site_name":"WiseflowAI","article_modified_time":"2025-12-11T14:02:03+00:00","twitter_card":"summary_large_image","twitter_misc":{"Tiempo de lectura":"1 minuto"},"schema":{"@context":"https:\/\/schema.org","@graph":[{"@type":"WebPage","@id":"https:\/\/wiseflowai.eu\/blog\/","url":"https:\/\/wiseflowai.eu\/blog\/","name":"Blog - WiseflowAI","isPartOf":{"@id":"https:\/\/wiseflowai.eu\/it\/#website"},"datePublished":"2025-09-11T09:23:58+00:00","dateModified":"2025-12-11T14:02:03+00:00","breadcrumb":{"@id":"https:\/\/wiseflowai.eu\/blog\/#breadcrumb"},"inLanguage":"es","potentialAction":[{"@type":"ReadAction","target":["https:\/\/wiseflowai.eu\/blog\/"]}]},{"@type":"BreadcrumbList","@id":"https:\/\/wiseflowai.eu\/blog\/#breadcrumb","itemListElement":[{"@type":"ListItem","position":1,"name":"Home","item":"https:\/\/wiseflowai.eu\/"},{"@type":"ListItem","position":2,"name":"Blog"}]},{"@type":"WebSite","@id":"https:\/\/wiseflowai.eu\/it\/#website","url":"https:\/\/wiseflowai.eu\/it\/","name":"WiseflowAI","description":"Wise automation for a human pace","publisher":{"@id":"https:\/\/wiseflowai.eu\/it\/#organization"},"potentialAction":[{"@type":"SearchAction","target":{"@type":"EntryPoint","urlTemplate":"https:\/\/wiseflowai.eu\/it\/?s={search_term_string}"},"query-input":{"@type":"PropertyValueSpecification","valueRequired":true,"valueName":"search_term_string"}}],"inLanguage":"es"},{"@type":"Organization","@id":"https:\/\/wiseflowai.eu\/it\/#organization","name":"WiseflowAI","url":"https:\/\/wiseflowai.eu\/it\/","logo":{"@type":"ImageObject","inLanguage":"es","@id":"https:\/\/wiseflowai.eu\/it\/#\/schema\/logo\/image\/","url":"https:\/\/wiseflowai.eu\/wp-content\/uploads\/2025\/09\/favicon.png","contentUrl":"https:\/\/wiseflowai.eu\/wp-content\/uploads\/2025\/09\/favicon.png","width":512,"height":512,"caption":"WiseflowAI"},"image":{"@id":"https:\/\/wiseflowai.eu\/it\/#\/schema\/logo\/image\/"}}]}},"_links":{"self":[{"href":"https:\/\/wiseflowai.eu\/es\/wp-json\/wp\/v2\/pages\/838","targetHints":{"allow":["GET"]}}],"collection":[{"href":"https:\/\/wiseflowai.eu\/es\/wp-json\/wp\/v2\/pages"}],"about":[{"href":"https:\/\/wiseflowai.eu\/es\/wp-json\/wp\/v2\/types\/page"}],"author":[{"embeddable":true,"href":"https:\/\/wiseflowai.eu\/es\/wp-json\/wp\/v2\/users\/1"}],"replies":[{"embeddable":true,"href":"https:\/\/wiseflowai.eu\/es\/wp-json\/wp\/v2\/comments?post=838"}],"version-history":[{"count":24,"href":"https:\/\/wiseflowai.eu\/es\/wp-json\/wp\/v2\/pages\/838\/revisions"}],"predecessor-version":[{"id":1118,"href":"https:\/\/wiseflowai.eu\/es\/wp-json\/wp\/v2\/pages\/838\/revisions\/1118"}],"wp:attachment":[{"href":"https:\/\/wiseflowai.eu\/es\/wp-json\/wp\/v2\/media?parent=838"}],"curies":[{"name":"wp","href":"https:\/\/api.w.org\/{rel}","templated":true}]}}